{"id":13,"date":"2023-05-10T16:29:24","date_gmt":"2023-05-10T16:29:24","guid":{"rendered":"https:\/\/architekt-ka.com.pl\/?page_id=13"},"modified":"2025-09-22T18:11:30","modified_gmt":"2025-09-22T18:11:30","slug":"glowna","status":"publish","type":"page","link":"https:\/\/architekt-ka.com.pl\/","title":{"rendered":"G\u0142\u00f3wna"},"content":{"rendered":"<div class=\"full_width_cont baner_glowny_cont\" style=\"background:url('https:\/\/architekt-ka.com.pl\/wp-content\/uploads\/2024\/11\/banner_wide-scaled.jpg'); background-position: center;\">\r\n    <div class=\"full_width_cont_inner\" >\r\n        <div class=\"baner_glowny_box\" >\r\n                    <\/div>\r\n    <\/div>\r\n<\/div>\r\n\n\n\n<div style=\"height:60px\" aria-hidden=\"true\" class=\"wp-block-spacer\"><\/div>\n\n\n\n<div id=\"o-mnie\"><\/div>\n\n\n\r\n        <div class=\"full_width_cont\" style=\"background: linear-gradient(to left, #3e3e3e 30%, transparent 0%);\">\r\n            <div class=\"full_width_cont_inner\" style=\"direction: rtl;\">\r\n                <div class=\"naglowek_upper\">\r\n                    o mnie                <\/div>\r\n            <\/div>\r\n        <\/div>\r\n        <div class=\"full_width_cont\" style=\"\">\r\n            <div class=\"full_width_cont_inner\">\r\n                        <\/div>\r\n        <\/div>\r\n    \n\n\n<div style=\"height:20px\" aria-hidden=\"true\" class=\"wp-block-spacer\"><\/div>\n\n\n    <div class=\"full_width_cont\" style=\"background: linear-gradient(to left, #939598 30%, transparent 0%);\">\r\n\r\n        <div class=\"full_width_cont_inner blok_z_trescia_2\">\r\n            <div>\r\n                                    <img decoding=\"async\" src=\"https:\/\/architekt-ka.com.pl\/wp-content\/uploads\/2025\/02\/TP_02789.jpg\" alt=\"\">\r\n                                <\/div>\r\n            <div>\r\n                <p>Witam serdecznie,<\/p>\n<p>Nazywam si\u0119 Justyna Turalska, w 2013 roku uko\u0144czy\u0142am studia magisterskie na Wydziale Architektury i Urbanistyki Politechniki Krakowskiej. Po uko\u0144czeniu studi\u00f3w zdobywa\u0142am do\u015bwiadczenie pracuj\u0105c przez 7 lat w Urz\u0119dzie Gminy O\u015bwi\u0119cim, gdzie zajmowa\u0142am si\u0119 inwestycjami publicznymi, a nast\u0119pnie przez 3 lata pracowa\u0142am w biurze projektowym, w kt\u00f3rym rozwija\u0142am swoje umiej\u0119tno\u015bci projektowania i koordynacji projekt\u00f3w budowlanych.<\/p>\n<p>Posiadam uprawnienia budowlane w specjalno\u015bci architektonicznej do projektowania bez ogranicze\u0144 oraz jestem czynnym cz\u0142onkiem Ma\u0142opolskiej Izby Architekt\u00f3w RP.<\/p>\n<p>Dzi\u0119ki pracy w jednostce samorz\u0105du terytorialnego zyska\u0142am pe\u0142ne zrozumienie proces\u00f3w inwestycyjnych i wymaga\u0144 formalnych, co pozwala mi skutecznie wspiera\u0107 moich klient\u00f3w na ka\u017cdym etapie realizacji projektu.<\/p>\n<p>Moim celem jest dbanie o ka\u017cdy detal, aby tworzone przeze mnie projekty by\u0142y funkcjonalne, estetyczne, a przede wszystkim dopasowane do indywidualnych potrzeb klienta.<\/p>\n<p class=\"podpis-justyny\">Justyna Turalska<\/p>\n            <\/div>\r\n\r\n        <\/div>\r\n    <\/div>\r\n    \n\n\n<div style=\"height:60px\" aria-hidden=\"true\" class=\"wp-block-spacer\"><\/div>\n\n\n\n<div id=\"oferta\"><\/div>\n\n\n\r\n        <div class=\"full_width_cont\" style=\"background: linear-gradient(to right, #3e3e3e 30%, transparent 0%);\">\r\n            <div class=\"full_width_cont_inner\">\r\n                <div class=\"naglowek_upper\">\r\n                    oferta                <\/div>\r\n            <\/div>\r\n        <\/div>\r\n        <div class=\"full_width_cont\" style=\"\">\r\n            <div class=\"full_width_cont_inner\">\r\n                            <\/div>\r\n        <\/div>\r\n\n\n\n<div style=\"height:20px\" aria-hidden=\"true\" class=\"wp-block-spacer\"><\/div>\n\n\n    <div class=\"full_width_cont\" style=\"background: linear-gradient(to right, #939598 30%, transparent 0%);\">\r\n\r\n        <div class=\"full_width_cont_inner blok_z_trescia_2_rev\">\r\n            <div>\r\n                <p>&nbsp;<\/p>\n<p><strong>Oferuj\u0119 kompleksow\u0105 obs\u0142ug\u0119 inwestycji od wyboru dzia\u0142ki<br \/>\n&#8211; a\u017c do uzyskania pozwolenia na budow\u0119.<\/strong><\/p>\n<p>Zakres \u015bwiadczonych us\u0142ug:<br \/>\n<strong>&#8211; Projekty indywidualne budynk\u00f3w mieszkalnych &#8211;<\/strong> tworzenie unikalnych projekt\u00f3w dopasowanych do indywidualnych wymaga\u0144 inwestora, od koncepcji po szczeg\u00f3\u0142ow\u0105 dokumentacj\u0119 techniczn\u0105.<br \/>\n<strong>&#8211; Adaptacje projekt\u00f3w typowych \u2013<\/strong> dostosowanie gotowych projekt\u00f3w do wymaga\u0144 lokalnych.<br \/>\n<strong>&#8211; Analizy ch\u0142onno\u015bci dzia\u0142ki \u2013<\/strong> ocena mo\u017cliwo\u015bci zabudowy nieruchomo\u015bci.<br \/>\n<strong>&#8211; Uzyskanie Decyzji o Warunkach Zabudowy \u2013<\/strong> kompleksowa obs\u0142uga formalna.<br \/>\n<strong>&#8211; Za\u015bwiadczenia o samodzielno\u015bci lokalu \u2013<\/strong> wsparcie w uzyskaniu odpowiednich dokument\u00f3w.<br \/>\n<strong>&#8211; \u015awiadectwa charakterystyki energetycznej budynk\u00f3w \u2013<\/strong> opracowanie dokumentacji zgodnej z normami energetycznymi.<br \/>\n<strong>&#8211; Projekty przy\u0142\u0105czy wodno-kanalizacyjnych \u2013<\/strong> kompleksowe rozwi\u0105zania infrastrukturalne.<br \/>\n<strong>&#8211; Projekty organizacji ruchu \u2013<\/strong> opracowywanie bezpiecznych rozwi\u0105za\u0144 komunikacyjnych.<br \/>\n<strong>&#8211; Inwentaryzacje budowlane \u2013<\/strong> dok\u0142adna dokumentacja stanu istniej\u0105cego budynk\u00f3w.<br \/>\n<strong>&#8211; Nietypowe us\u0142ugi projektowe \u2013<\/strong> realizacja zada\u0144 dostosowanych do niestandardowych potrzeb klienta.<\/p>\n<p>Dzia\u0142am przede wszystkim na terenie powiatu o\u015bwi\u0119cimskiego, jednak\u017ce nie ograniczam si\u0119 tylko do tego obszaru.<\/p>\n<p>Jestem otwarta na wsp\u00f3\u0142prac\u0119 B2B.<\/p>\n            <\/div>\r\n            <div>\r\n                                    <img decoding=\"async\" src=\"https:\/\/architekt-ka.com.pl\/wp-content\/uploads\/2024\/11\/Mogiliany-3-scaled.jpg\" alt=\"\">\r\n                                <\/div>\r\n        <\/div>\r\n    <\/div>\r\n    \n\n\n<div style=\"height:60px\" aria-hidden=\"true\" class=\"wp-block-spacer\"><\/div>\n\n\n\n<div id=\"projekty\"><\/div>\n\n\n\r\n        <div class=\"full_width_cont\" style=\"background: linear-gradient(to left, #3e3e3e 30%, transparent 0%);\">\r\n            <div class=\"full_width_cont_inner\" style=\"direction: rtl;\">\r\n                <div class=\"naglowek_upper\">\r\n                    PROJEKTY                <\/div>\r\n            <\/div>\r\n        <\/div>\r\n        <div class=\"full_width_cont\" style=\"\">\r\n            <div class=\"full_width_cont_inner\">\r\n                        <\/div>\r\n        <\/div>\r\n    \n\n\n<div style=\"height:20px\" aria-hidden=\"true\" class=\"wp-block-spacer\"><\/div>\n\n\n    <div class=\"full_width_cont\" style=\"background: linear-gradient(to right, #939598 30%, transparent 0%);\">\r\n\r\n        <div class=\"full_width_cont_inner blok_z_trescia_2_rev\">\r\n            <div>\r\n                <h4>Budynek mieszkalny jednorodzinny<\/h4>\n<p>Powierzchnia u\u017cytkowa 122,90m<sup>2<\/sup><\/p>\n            <\/div>\r\n            <div>\r\n                            <\/div>\r\n        <\/div>\r\n    <\/div>\r\n    \n\n    <div class=\"galeria__slider_cont\">\n        <div class=\"galeria__slider galeria__slider-1\"\n            data-slider-id=\"1\" aria-roledescription=\"slider\">\n                            <div class=\"galeria_slide\" aria-roledescription=\"slide\" role=\"group\">\n                    <img decoding=\"async\" alt=\"\" src=\"https:\/\/architekt-ka.com.pl\/wp-content\/uploads\/2024\/11\/Osiek-6-scaled.jpg\"\n                        srcset=\"https:\/\/architekt-ka.com.pl\/wp-content\/uploads\/2024\/11\/Osiek-6-scaled.jpg 2560w, https:\/\/architekt-ka.com.pl\/wp-content\/uploads\/2024\/11\/Osiek-6-300x225.jpg 300w, https:\/\/architekt-ka.com.pl\/wp-content\/uploads\/2024\/11\/Osiek-6-1024x768.jpg 1024w, https:\/\/architekt-ka.com.pl\/wp-content\/uploads\/2024\/11\/Osiek-6-768x576.jpg 768w, https:\/\/architekt-ka.com.pl\/wp-content\/uploads\/2024\/11\/Osiek-6-1536x1152.jpg 1536w, https:\/\/architekt-ka.com.pl\/wp-content\/uploads\/2024\/11\/Osiek-6-2048x1536.jpg 2048w\"\n                        sizes=\"(max-width: 2560px) 100vw, 2560px\">\n                <\/div>\n                                <div class=\"galeria_slide\" aria-roledescription=\"slide\" role=\"group\">\n                    <img decoding=\"async\" alt=\"\" src=\"https:\/\/architekt-ka.com.pl\/wp-content\/uploads\/2024\/11\/Osiek-2-scaled.jpg\"\n                        srcset=\"https:\/\/architekt-ka.com.pl\/wp-content\/uploads\/2024\/11\/Osiek-2-scaled.jpg 2560w, https:\/\/architekt-ka.com.pl\/wp-content\/uploads\/2024\/11\/Osiek-2-300x225.jpg 300w, https:\/\/architekt-ka.com.pl\/wp-content\/uploads\/2024\/11\/Osiek-2-1024x768.jpg 1024w, https:\/\/architekt-ka.com.pl\/wp-content\/uploads\/2024\/11\/Osiek-2-768x576.jpg 768w, https:\/\/architekt-ka.com.pl\/wp-content\/uploads\/2024\/11\/Osiek-2-1536x1152.jpg 1536w, https:\/\/architekt-ka.com.pl\/wp-content\/uploads\/2024\/11\/Osiek-2-2048x1536.jpg 2048w\"\n                        sizes=\"(max-width: 2560px) 100vw, 2560px\">\n                <\/div>\n                                <div class=\"galeria_slide\" aria-roledescription=\"slide\" role=\"group\">\n                    <img decoding=\"async\" alt=\"\" src=\"https:\/\/architekt-ka.com.pl\/wp-content\/uploads\/2024\/11\/Osiek-3-scaled.jpg\"\n                        srcset=\"https:\/\/architekt-ka.com.pl\/wp-content\/uploads\/2024\/11\/Osiek-3-scaled.jpg 2560w, https:\/\/architekt-ka.com.pl\/wp-content\/uploads\/2024\/11\/Osiek-3-300x225.jpg 300w, https:\/\/architekt-ka.com.pl\/wp-content\/uploads\/2024\/11\/Osiek-3-1024x768.jpg 1024w, https:\/\/architekt-ka.com.pl\/wp-content\/uploads\/2024\/11\/Osiek-3-768x576.jpg 768w, https:\/\/architekt-ka.com.pl\/wp-content\/uploads\/2024\/11\/Osiek-3-1536x1152.jpg 1536w, https:\/\/architekt-ka.com.pl\/wp-content\/uploads\/2024\/11\/Osiek-3-2048x1536.jpg 2048w\"\n                        sizes=\"(max-width: 2560px) 100vw, 2560px\">\n                <\/div>\n                                <div class=\"galeria_slide\" aria-roledescription=\"slide\" role=\"group\">\n                    <img decoding=\"async\" alt=\"\" src=\"https:\/\/architekt-ka.com.pl\/wp-content\/uploads\/2024\/11\/Osiek-4-scaled.jpg\"\n                        srcset=\"https:\/\/architekt-ka.com.pl\/wp-content\/uploads\/2024\/11\/Osiek-4-scaled.jpg 2560w, https:\/\/architekt-ka.com.pl\/wp-content\/uploads\/2024\/11\/Osiek-4-300x225.jpg 300w, https:\/\/architekt-ka.com.pl\/wp-content\/uploads\/2024\/11\/Osiek-4-1024x768.jpg 1024w, https:\/\/architekt-ka.com.pl\/wp-content\/uploads\/2024\/11\/Osiek-4-768x576.jpg 768w, https:\/\/architekt-ka.com.pl\/wp-content\/uploads\/2024\/11\/Osiek-4-1536x1152.jpg 1536w, https:\/\/architekt-ka.com.pl\/wp-content\/uploads\/2024\/11\/Osiek-4-2048x1536.jpg 2048w\"\n                        sizes=\"(max-width: 2560px) 100vw, 2560px\">\n                <\/div>\n                                <div class=\"galeria_slide\" aria-roledescription=\"slide\" role=\"group\">\n                    <img decoding=\"async\" alt=\"\" src=\"https:\/\/architekt-ka.com.pl\/wp-content\/uploads\/2024\/11\/Osiek-5-scaled.jpg\"\n                        srcset=\"https:\/\/architekt-ka.com.pl\/wp-content\/uploads\/2024\/11\/Osiek-5-scaled.jpg 2560w, https:\/\/architekt-ka.com.pl\/wp-content\/uploads\/2024\/11\/Osiek-5-300x225.jpg 300w, https:\/\/architekt-ka.com.pl\/wp-content\/uploads\/2024\/11\/Osiek-5-1024x768.jpg 1024w, https:\/\/architekt-ka.com.pl\/wp-content\/uploads\/2024\/11\/Osiek-5-768x576.jpg 768w, https:\/\/architekt-ka.com.pl\/wp-content\/uploads\/2024\/11\/Osiek-5-1536x1152.jpg 1536w, https:\/\/architekt-ka.com.pl\/wp-content\/uploads\/2024\/11\/Osiek-5-2048x1536.jpg 2048w\"\n                        sizes=\"(max-width: 2560px) 100vw, 2560px\">\n                <\/div>\n                                <div class=\"galeria_slide\" aria-roledescription=\"slide\" role=\"group\">\n                    <img decoding=\"async\" alt=\"\" src=\"https:\/\/architekt-ka.com.pl\/wp-content\/uploads\/2024\/11\/Osiek-1-scaled.jpg\"\n                        srcset=\"https:\/\/architekt-ka.com.pl\/wp-content\/uploads\/2024\/11\/Osiek-1-scaled.jpg 2560w, https:\/\/architekt-ka.com.pl\/wp-content\/uploads\/2024\/11\/Osiek-1-300x225.jpg 300w, https:\/\/architekt-ka.com.pl\/wp-content\/uploads\/2024\/11\/Osiek-1-1024x768.jpg 1024w, https:\/\/architekt-ka.com.pl\/wp-content\/uploads\/2024\/11\/Osiek-1-768x576.jpg 768w, https:\/\/architekt-ka.com.pl\/wp-content\/uploads\/2024\/11\/Osiek-1-1536x1152.jpg 1536w, https:\/\/architekt-ka.com.pl\/wp-content\/uploads\/2024\/11\/Osiek-1-2048x1536.jpg 2048w\"\n                        sizes=\"(max-width: 2560px) 100vw, 2560px\">\n                <\/div>\n                        <\/div>\n    <\/div>\n    \n\n\n<div style=\"height:60px\" aria-hidden=\"true\" class=\"wp-block-spacer\"><\/div>\n\n\n    <div class=\"full_width_cont\" style=\"background: linear-gradient(to left, #939598 30%, transparent 0%);\">\r\n\r\n        <div class=\"full_width_cont_inner blok_z_trescia_2\">\r\n            <div>\r\n                            <\/div>\r\n            <div>\r\n                <h4>Budynek mieszkalny jednorodzinny<\/h4>\n<p>Powierzchnia u\u017cytkowa 237,40m<sup>2<\/sup><\/p>\n            <\/div>\r\n\r\n        <\/div>\r\n    <\/div>\r\n    \n\n    <div class=\"galeria__slider_cont\">\n        <div class=\"galeria__slider galeria__slider-1\"\n            data-slider-id=\"1\" aria-roledescription=\"slider\">\n                            <div class=\"galeria_slide\" aria-roledescription=\"slide\" role=\"group\">\n                    <img decoding=\"async\" alt=\"\" src=\"https:\/\/architekt-ka.com.pl\/wp-content\/uploads\/2024\/11\/Mogiliany-1-scaled.jpg\"\n                        srcset=\"https:\/\/architekt-ka.com.pl\/wp-content\/uploads\/2024\/11\/Mogiliany-1-scaled.jpg 2560w, https:\/\/architekt-ka.com.pl\/wp-content\/uploads\/2024\/11\/Mogiliany-1-300x225.jpg 300w, https:\/\/architekt-ka.com.pl\/wp-content\/uploads\/2024\/11\/Mogiliany-1-1024x768.jpg 1024w, https:\/\/architekt-ka.com.pl\/wp-content\/uploads\/2024\/11\/Mogiliany-1-768x576.jpg 768w, https:\/\/architekt-ka.com.pl\/wp-content\/uploads\/2024\/11\/Mogiliany-1-1536x1152.jpg 1536w, https:\/\/architekt-ka.com.pl\/wp-content\/uploads\/2024\/11\/Mogiliany-1-2048x1536.jpg 2048w\"\n                        sizes=\"(max-width: 2560px) 100vw, 2560px\">\n                <\/div>\n                                <div class=\"galeria_slide\" aria-roledescription=\"slide\" role=\"group\">\n                    <img decoding=\"async\" alt=\"\" src=\"https:\/\/architekt-ka.com.pl\/wp-content\/uploads\/2024\/11\/Mogiliany-3-scaled.jpg\"\n                        srcset=\"https:\/\/architekt-ka.com.pl\/wp-content\/uploads\/2024\/11\/Mogiliany-3-scaled.jpg 2560w, https:\/\/architekt-ka.com.pl\/wp-content\/uploads\/2024\/11\/Mogiliany-3-300x225.jpg 300w, https:\/\/architekt-ka.com.pl\/wp-content\/uploads\/2024\/11\/Mogiliany-3-1024x768.jpg 1024w, https:\/\/architekt-ka.com.pl\/wp-content\/uploads\/2024\/11\/Mogiliany-3-768x576.jpg 768w, https:\/\/architekt-ka.com.pl\/wp-content\/uploads\/2024\/11\/Mogiliany-3-1536x1152.jpg 1536w, https:\/\/architekt-ka.com.pl\/wp-content\/uploads\/2024\/11\/Mogiliany-3-2048x1536.jpg 2048w\"\n                        sizes=\"(max-width: 2560px) 100vw, 2560px\">\n                <\/div>\n                                <div class=\"galeria_slide\" aria-roledescription=\"slide\" role=\"group\">\n                    <img decoding=\"async\" alt=\"\" src=\"https:\/\/architekt-ka.com.pl\/wp-content\/uploads\/2024\/11\/Mogiliany-4-scaled.jpg\"\n                        srcset=\"https:\/\/architekt-ka.com.pl\/wp-content\/uploads\/2024\/11\/Mogiliany-4-scaled.jpg 2560w, https:\/\/architekt-ka.com.pl\/wp-content\/uploads\/2024\/11\/Mogiliany-4-300x225.jpg 300w, https:\/\/architekt-ka.com.pl\/wp-content\/uploads\/2024\/11\/Mogiliany-4-1024x768.jpg 1024w, https:\/\/architekt-ka.com.pl\/wp-content\/uploads\/2024\/11\/Mogiliany-4-768x576.jpg 768w, https:\/\/architekt-ka.com.pl\/wp-content\/uploads\/2024\/11\/Mogiliany-4-1536x1152.jpg 1536w, https:\/\/architekt-ka.com.pl\/wp-content\/uploads\/2024\/11\/Mogiliany-4-2048x1536.jpg 2048w\"\n                        sizes=\"(max-width: 2560px) 100vw, 2560px\">\n                <\/div>\n                                <div class=\"galeria_slide\" aria-roledescription=\"slide\" role=\"group\">\n                    <img decoding=\"async\" alt=\"\" src=\"https:\/\/architekt-ka.com.pl\/wp-content\/uploads\/2024\/11\/Mogiliany-2-scaled.jpg\"\n                        srcset=\"https:\/\/architekt-ka.com.pl\/wp-content\/uploads\/2024\/11\/Mogiliany-2-scaled.jpg 2560w, https:\/\/architekt-ka.com.pl\/wp-content\/uploads\/2024\/11\/Mogiliany-2-300x225.jpg 300w, https:\/\/architekt-ka.com.pl\/wp-content\/uploads\/2024\/11\/Mogiliany-2-1024x768.jpg 1024w, https:\/\/architekt-ka.com.pl\/wp-content\/uploads\/2024\/11\/Mogiliany-2-768x576.jpg 768w, https:\/\/architekt-ka.com.pl\/wp-content\/uploads\/2024\/11\/Mogiliany-2-1536x1152.jpg 1536w, https:\/\/architekt-ka.com.pl\/wp-content\/uploads\/2024\/11\/Mogiliany-2-2048x1536.jpg 2048w\"\n                        sizes=\"(max-width: 2560px) 100vw, 2560px\">\n                <\/div>\n                        <\/div>\n    <\/div>\n    \n\n\n<div style=\"height:60px\" aria-hidden=\"true\" class=\"wp-block-spacer\"><\/div>\n\n\n    <div class=\"full_width_cont\" style=\"background: linear-gradient(to right, #939598 30%, transparent 0%);\">\r\n\r\n        <div class=\"full_width_cont_inner blok_z_trescia_2_rev\">\r\n            <div>\r\n                <h4>Projekt wn\u0119trza przestrzeni wsp\u00f3lnych inwestycji Apratamenty Maestro<\/h4>\n<p>Projekt realizowany we wsp\u00f3\u0142pracy BM-Koncept biuro projetowe<\/p>\n            <\/div>\r\n            <div>\r\n                            <\/div>\r\n        <\/div>\r\n    <\/div>\r\n    \n\n    <div class=\"galeria__slider_cont\">\n        <div class=\"galeria__slider galeria__slider-1\"\n            data-slider-id=\"1\" aria-roledescription=\"slider\">\n                            <div class=\"galeria_slide\" aria-roledescription=\"slide\" role=\"group\">\n                    <img decoding=\"async\" alt=\"\" src=\"https:\/\/architekt-ka.com.pl\/wp-content\/uploads\/2024\/11\/Maestro-5.jpg\"\n                        srcset=\"https:\/\/architekt-ka.com.pl\/wp-content\/uploads\/2024\/11\/Maestro-5.jpg 2500w, https:\/\/architekt-ka.com.pl\/wp-content\/uploads\/2024\/11\/Maestro-5-300x300.jpg 300w, https:\/\/architekt-ka.com.pl\/wp-content\/uploads\/2024\/11\/Maestro-5-1024x1024.jpg 1024w, https:\/\/architekt-ka.com.pl\/wp-content\/uploads\/2024\/11\/Maestro-5-150x150.jpg 150w, https:\/\/architekt-ka.com.pl\/wp-content\/uploads\/2024\/11\/Maestro-5-768x768.jpg 768w, https:\/\/architekt-ka.com.pl\/wp-content\/uploads\/2024\/11\/Maestro-5-1536x1536.jpg 1536w, https:\/\/architekt-ka.com.pl\/wp-content\/uploads\/2024\/11\/Maestro-5-2048x2048.jpg 2048w\"\n                        sizes=\"(max-width: 2500px) 100vw, 2500px\">\n                <\/div>\n                                <div class=\"galeria_slide\" aria-roledescription=\"slide\" role=\"group\">\n                    <img decoding=\"async\" alt=\"\" src=\"https:\/\/architekt-ka.com.pl\/wp-content\/uploads\/2024\/11\/Maestro-4.jpg\"\n                        srcset=\"https:\/\/architekt-ka.com.pl\/wp-content\/uploads\/2024\/11\/Maestro-4.jpg 2500w, https:\/\/architekt-ka.com.pl\/wp-content\/uploads\/2024\/11\/Maestro-4-300x300.jpg 300w, https:\/\/architekt-ka.com.pl\/wp-content\/uploads\/2024\/11\/Maestro-4-1024x1024.jpg 1024w, https:\/\/architekt-ka.com.pl\/wp-content\/uploads\/2024\/11\/Maestro-4-150x150.jpg 150w, https:\/\/architekt-ka.com.pl\/wp-content\/uploads\/2024\/11\/Maestro-4-768x768.jpg 768w, https:\/\/architekt-ka.com.pl\/wp-content\/uploads\/2024\/11\/Maestro-4-1536x1536.jpg 1536w, https:\/\/architekt-ka.com.pl\/wp-content\/uploads\/2024\/11\/Maestro-4-2048x2048.jpg 2048w\"\n                        sizes=\"(max-width: 2500px) 100vw, 2500px\">\n                <\/div>\n                                <div class=\"galeria_slide\" aria-roledescription=\"slide\" role=\"group\">\n                    <img decoding=\"async\" alt=\"\" src=\"https:\/\/architekt-ka.com.pl\/wp-content\/uploads\/2024\/11\/Maestro-3.jpg\"\n                        srcset=\"https:\/\/architekt-ka.com.pl\/wp-content\/uploads\/2024\/11\/Maestro-3.jpg 2500w, https:\/\/architekt-ka.com.pl\/wp-content\/uploads\/2024\/11\/Maestro-3-300x300.jpg 300w, https:\/\/architekt-ka.com.pl\/wp-content\/uploads\/2024\/11\/Maestro-3-1024x1024.jpg 1024w, https:\/\/architekt-ka.com.pl\/wp-content\/uploads\/2024\/11\/Maestro-3-150x150.jpg 150w, https:\/\/architekt-ka.com.pl\/wp-content\/uploads\/2024\/11\/Maestro-3-768x768.jpg 768w, https:\/\/architekt-ka.com.pl\/wp-content\/uploads\/2024\/11\/Maestro-3-1536x1536.jpg 1536w, https:\/\/architekt-ka.com.pl\/wp-content\/uploads\/2024\/11\/Maestro-3-2048x2048.jpg 2048w\"\n                        sizes=\"(max-width: 2500px) 100vw, 2500px\">\n                <\/div>\n                                <div class=\"galeria_slide\" aria-roledescription=\"slide\" role=\"group\">\n                    <img decoding=\"async\" alt=\"\" src=\"https:\/\/architekt-ka.com.pl\/wp-content\/uploads\/2024\/11\/Maestro-2.jpg\"\n                        srcset=\"https:\/\/architekt-ka.com.pl\/wp-content\/uploads\/2024\/11\/Maestro-2.jpg 2500w, https:\/\/architekt-ka.com.pl\/wp-content\/uploads\/2024\/11\/Maestro-2-300x300.jpg 300w, https:\/\/architekt-ka.com.pl\/wp-content\/uploads\/2024\/11\/Maestro-2-1024x1024.jpg 1024w, https:\/\/architekt-ka.com.pl\/wp-content\/uploads\/2024\/11\/Maestro-2-150x150.jpg 150w, https:\/\/architekt-ka.com.pl\/wp-content\/uploads\/2024\/11\/Maestro-2-768x768.jpg 768w, https:\/\/architekt-ka.com.pl\/wp-content\/uploads\/2024\/11\/Maestro-2-1536x1536.jpg 1536w, https:\/\/architekt-ka.com.pl\/wp-content\/uploads\/2024\/11\/Maestro-2-2048x2048.jpg 2048w\"\n                        sizes=\"(max-width: 2500px) 100vw, 2500px\">\n                <\/div>\n                                <div class=\"galeria_slide\" aria-roledescription=\"slide\" role=\"group\">\n                    <img decoding=\"async\" alt=\"\" src=\"https:\/\/architekt-ka.com.pl\/wp-content\/uploads\/2024\/11\/Maestro-1.jpg\"\n                        srcset=\"https:\/\/architekt-ka.com.pl\/wp-content\/uploads\/2024\/11\/Maestro-1.jpg 2500w, https:\/\/architekt-ka.com.pl\/wp-content\/uploads\/2024\/11\/Maestro-1-300x300.jpg 300w, https:\/\/architekt-ka.com.pl\/wp-content\/uploads\/2024\/11\/Maestro-1-1024x1024.jpg 1024w, https:\/\/architekt-ka.com.pl\/wp-content\/uploads\/2024\/11\/Maestro-1-150x150.jpg 150w, https:\/\/architekt-ka.com.pl\/wp-content\/uploads\/2024\/11\/Maestro-1-768x768.jpg 768w, https:\/\/architekt-ka.com.pl\/wp-content\/uploads\/2024\/11\/Maestro-1-1536x1536.jpg 1536w, https:\/\/architekt-ka.com.pl\/wp-content\/uploads\/2024\/11\/Maestro-1-2048x2048.jpg 2048w\"\n                        sizes=\"(max-width: 2500px) 100vw, 2500px\">\n                <\/div>\n                        <\/div>\n    <\/div>\n    \n\n\n<div style=\"height:60px\" aria-hidden=\"true\" class=\"wp-block-spacer\"><\/div>\n\n\n\r\n        <div class=\"full_width_cont\" style=\"background: linear-gradient(to right, #3e3e3e 30%, transparent 0%);\">\r\n            <div class=\"full_width_cont_inner\">\r\n                <div class=\"naglowek_upper\">\r\n                    kontakt                <\/div>\r\n            <\/div>\r\n        <\/div>\r\n        <div class=\"full_width_cont\" style=\"\">\r\n            <div class=\"full_width_cont_inner\">\r\n                                    <div class=\"naglowek_bottom\">\r\n                        <img decoding=\"async\" src=\"https:\/\/architekt-ka.com.pl\/wp-content\/uploads\/2024\/10\/Samo-logo.png\" alt=\"\">Zapraszam do wsp\u00f3\u0142pracy                    <\/div>\r\n                                <\/div>\r\n        <\/div>\r\n\n\n\n<div id=\"scrollToTop\" class=\"scroll-to-top\">\n \u2191\n<\/div>\n","protected":false},"excerpt":{"rendered":"<p>\u2191<\/p>\n","protected":false},"author":1,"featured_media":0,"parent":0,"menu_order":0,"comment_status":"closed","ping_status":"closed","template":"","meta":{"_acf_changed":false,"inline_featured_image":false,"footnotes":""},"class_list":["post-13","page","type-page","status-publish","hentry"],"acf":[],"_links":{"self":[{"href":"https:\/\/architekt-ka.com.pl\/index.php\/wp-json\/wp\/v2\/pages\/13"}],"collection":[{"href":"https:\/\/architekt-ka.com.pl\/index.php\/wp-json\/wp\/v2\/pages"}],"about":[{"href":"https:\/\/architekt-ka.com.pl\/index.php\/wp-json\/wp\/v2\/types\/page"}],"author":[{"embeddable":true,"href":"https:\/\/architekt-ka.com.pl\/index.php\/wp-json\/wp\/v2\/users\/1"}],"replies":[{"embeddable":true,"href":"https:\/\/architekt-ka.com.pl\/index.php\/wp-json\/wp\/v2\/comments?post=13"}],"version-history":[{"count":170,"href":"https:\/\/architekt-ka.com.pl\/index.php\/wp-json\/wp\/v2\/pages\/13\/revisions"}],"predecessor-version":[{"id":887,"href":"https:\/\/architekt-ka.com.pl\/index.php\/wp-json\/wp\/v2\/pages\/13\/revisions\/887"}],"wp:attachment":[{"href":"https:\/\/architekt-ka.com.pl\/index.php\/wp-json\/wp\/v2\/media?parent=13"}],"curies":[{"name":"wp","href":"https:\/\/api.w.org\/{rel}","templated":true}]}}